{"id":10,"date":"2023-02-11T08:42:25","date_gmt":"2023-02-11T07:42:25","guid":{"rendered":"https:\/\/joiefrancois.be\/?page_id=10"},"modified":"2023-02-18T09:24:12","modified_gmt":"2023-02-18T08:24:12","slug":"beaux-portfolios-pour-des-creatifs-exceptionnels","status":"publish","type":"page","link":"https:\/\/joiefrancois.be\/","title":{"rendered":"ACCUEIL"},"content":{"rendered":"\n<p class=\"has-text-align-center\"><meta charset=\"utf-8\"><\/p>\n\n\n\n<p class=\"has-text-align-center has-medium-font-size\"><strong>L&rsquo;accompagnement qui prend soin de vous, pour vous emmener en toute s\u00e9curit\u00e9 l\u00e0 o\u00f9 vous le d\u00e9sirez.<\/strong><\/p>\n\n\n\n<div style=\"height:55px\" aria-hidden=\"true\" class=\"wp-block-spacer\"><\/div>\n\n\n\n<div class=\"wp-block-group alignfull has-background\" style=\"background-color:#e5e9ec\"><div class=\"wp-block-group__inner-container is-layout-flow wp-block-group-is-layout-flow\">\n<div class=\"wp-block-columns is-layout-flex wp-container-core-columns-is-layout-9d6595d7 wp-block-columns-is-layout-flex\">\n<div class=\"wp-block-column is-vertically-aligned-center is-layout-flow wp-block-column-is-layout-flow\">\n<h2 class=\"wp-block-heading\">Ensemble cr\u00e9ons du lien&#8230;<\/h2>\n\n\n\n<p>Se sentir en <strong>S\u00c9CURIT\u00c9 <\/strong>\u00e0 travers le <strong>LIEN <\/strong>et la <strong>PLEINE CONFIANCE<\/strong>, un des <strong>MEILLEURS OUTILS<\/strong> de gestion de vos diff\u00e9rents \u00e9tats ressentis dans votre corps.<\/p>\n\n\n\n<p>Cet outil vous aidera \u00e9galement \u00e0 mieux vous rencontrer, afin de vous sentir en s\u00e9curit\u00e9 pour <strong>MIEUX PILOTER<\/strong> vos frustrations, pens\u00e9es et \u00e9motions. C\u2019est <strong>UNE CL\u00c9 IMPORTANTE<\/strong>, alchimisant certains de vos \u00e9tats.<\/p>\n\n\n\n<div class=\"wp-block-buttons is-horizontal is-content-justification-left is-layout-flex wp-container-core-buttons-is-layout-7e5fce0a wp-block-buttons-is-layout-flex\">\n<div class=\"wp-block-button is-style-outline is-style-outline--1\"><a class=\"wp-block-button__link wp-element-button\" href=\"https:\/\/joiefrancois.be\/index.php\/presentation\/\">En savoir plus&#8230;<\/a><\/div>\n<\/div>\n\n\n\n<p><\/p>\n<\/div>\n\n\n\n<div class=\"wp-block-column is-layout-flow wp-block-column-is-layout-flow\">\n<div style=\"height:48px\" aria-hidden=\"true\" class=\"wp-block-spacer\"><\/div>\n\n\n\n<figure class=\"wp-block-image size-large\"><img loading=\"lazy\" decoding=\"async\" width=\"974\" height=\"1024\" src=\"https:\/\/joiefrancois.be\/wp-content\/uploads\/2023\/02\/joie_francois_homepage-974x1024.jpg\" alt=\"\" class=\"wp-image-292\" srcset=\"https:\/\/joiefrancois.be\/wp-content\/uploads\/2023\/02\/joie_francois_homepage-974x1024.jpg 974w, https:\/\/joiefrancois.be\/wp-content\/uploads\/2023\/02\/joie_francois_homepage-285x300.jpg 285w, https:\/\/joiefrancois.be\/wp-content\/uploads\/2023\/02\/joie_francois_homepage-768x808.jpg 768w, https:\/\/joiefrancois.be\/wp-content\/uploads\/2023\/02\/joie_francois_homepage.jpg 1124w\" sizes=\"auto, (max-width: 974px) 100vw, 974px\" \/><\/figure>\n<\/div>\n<\/div>\n<\/div><\/div>\n\n\n\n<div class=\"wp-block-group alignfull\"><div class=\"wp-block-group__inner-container is-layout-flow wp-block-group-is-layout-flow\">\n<div class=\"wp-block-columns are-vertically-aligned-center is-layout-flex wp-container-core-columns-is-layout-9d6595d7 wp-block-columns-is-layout-flex\">\n<div class=\"wp-block-column is-vertically-aligned-center is-layout-flow wp-block-column-is-layout-flow\">\n<figure class=\"wp-block-image size-large\"><img loading=\"lazy\" decoding=\"async\" width=\"1024\" height=\"655\" src=\"https:\/\/joiefrancois.be\/wp-content\/uploads\/2023\/02\/IMG_8070-1024x655.jpg\" alt=\"\" class=\"wp-image-53\" srcset=\"https:\/\/joiefrancois.be\/wp-content\/uploads\/2023\/02\/IMG_8070-1024x655.jpg 1024w, https:\/\/joiefrancois.be\/wp-content\/uploads\/2023\/02\/IMG_8070-300x192.jpg 300w, https:\/\/joiefrancois.be\/wp-content\/uploads\/2023\/02\/IMG_8070-768x492.jpg 768w, https:\/\/joiefrancois.be\/wp-content\/uploads\/2023\/02\/IMG_8070-1536x983.jpg 1536w, https:\/\/joiefrancois.be\/wp-content\/uploads\/2023\/02\/IMG_8070.jpg 1656w\" sizes=\"auto, (max-width: 1024px) 100vw, 1024px\" \/><\/figure>\n\n\n\n<div style=\"height:48px\" aria-hidden=\"true\" class=\"wp-block-spacer\"><\/div>\n<\/div>\n\n\n\n<div class=\"wp-block-column is-vertically-aligned-center is-layout-flow wp-block-column-is-layout-flow\">\n<h2 class=\"wp-block-heading\">Ce que je rends possible&#8230;<\/h2>\n\n\n\n<p>En toute situation nous cherchons \u00e0 connecter et cr\u00e9er du lien, en \u00e9valuant le risque et la s\u00e9curit\u00e9, afin d\u2019essayer de ressentir et d\u2019\u00e9couter ce qui se passe en nous, dans notre corps.<br>Notre syst\u00e8me nerveux a besoin de ne pas se sentir fig\u00e9, ni bloqu\u00e9 mais libre.<\/p>\n\n\n\n<div class=\"wp-block-buttons is-layout-flex wp-block-buttons-is-layout-flex\">\n<div class=\"wp-block-button is-style-outline is-style-outline--2\"><a class=\"wp-block-button__link wp-element-button\" href=\"https:\/\/joiefrancois.be\/index.php\/accompagnements\/\">D\u00e9couvrez en PLUS&#8230;<\/a><\/div>\n<\/div>\n<\/div>\n<\/div>\n<\/div><\/div>\n\n\n\n<div class=\"wp-block-group alignfull has-black-background-color has-background has-medium-font-size\"><div class=\"wp-block-group__inner-container is-layout-flow wp-block-group-is-layout-flow\">\n<h2 class=\"has-text-align-center has-white-color has-text-color wp-block-heading\"><strong>Soins &amp; Accompagnements<\/strong><\/h2>\n\n\n\n<figure class=\"wp-block-gallery aligncenter has-nested-images columns-default is-cropped wp-block-gallery-3 is-layout-flex wp-block-gallery-is-layout-flex\">\n<figure class=\"wp-block-image size-large is-style-default\"><img loading=\"lazy\" decoding=\"async\" width=\"1024\" height=\"1024\" data-id=\"50\" src=\"https:\/\/joiefrancois.be\/wp-content\/uploads\/2023\/02\/IMG_8047-1024x1024.jpg\" alt=\"\" class=\"wp-image-50\" srcset=\"https:\/\/joiefrancois.be\/wp-content\/uploads\/2023\/02\/IMG_8047-1024x1024.jpg 1024w, https:\/\/joiefrancois.be\/wp-content\/uploads\/2023\/02\/IMG_8047-300x300.jpg 300w, https:\/\/joiefrancois.be\/wp-content\/uploads\/2023\/02\/IMG_8047-150x150.jpg 150w, https:\/\/joiefrancois.be\/wp-content\/uploads\/2023\/02\/IMG_8047-768x768.jpg 768w, https:\/\/joiefrancois.be\/wp-content\/uploads\/2023\/02\/IMG_8047-1536x1536.jpg 1536w, https:\/\/joiefrancois.be\/wp-content\/uploads\/2023\/02\/IMG_8047-2048x2048.jpg 2048w, https:\/\/joiefrancois.be\/wp-content\/uploads\/2023\/02\/IMG_8047-2000x2000.jpg 2000w\" sizes=\"auto, (max-width: 1024px) 100vw, 1024px\" \/><\/figure>\n\n\n\n<figure class=\"wp-block-image size-large\"><img loading=\"lazy\" decoding=\"async\" width=\"1024\" height=\"1024\" data-id=\"51\" src=\"https:\/\/joiefrancois.be\/wp-content\/uploads\/2023\/02\/IMG_8036-1024x1024.jpg\" alt=\"\" class=\"wp-image-51\" srcset=\"https:\/\/joiefrancois.be\/wp-content\/uploads\/2023\/02\/IMG_8036-1024x1024.jpg 1024w, https:\/\/joiefrancois.be\/wp-content\/uploads\/2023\/02\/IMG_8036-300x300.jpg 300w, https:\/\/joiefrancois.be\/wp-content\/uploads\/2023\/02\/IMG_8036-150x150.jpg 150w, https:\/\/joiefrancois.be\/wp-content\/uploads\/2023\/02\/IMG_8036-768x768.jpg 768w, https:\/\/joiefrancois.be\/wp-content\/uploads\/2023\/02\/IMG_8036.jpg 1200w\" sizes=\"auto, (max-width: 1024px) 100vw, 1024px\" \/><\/figure>\n\n\n\n<figure class=\"wp-block-image size-full\"><img loading=\"lazy\" decoding=\"async\" width=\"800\" height=\"500\" data-id=\"52\" src=\"https:\/\/joiefrancois.be\/wp-content\/uploads\/2023\/02\/IMG_8030.jpg\" alt=\"\" class=\"wp-image-52\" srcset=\"https:\/\/joiefrancois.be\/wp-content\/uploads\/2023\/02\/IMG_8030.jpg 800w, https:\/\/joiefrancois.be\/wp-content\/uploads\/2023\/02\/IMG_8030-300x188.jpg 300w, https:\/\/joiefrancois.be\/wp-content\/uploads\/2023\/02\/IMG_8030-768x480.jpg 768w\" sizes=\"auto, (max-width: 800px) 100vw, 800px\" \/><\/figure>\n\n\n\n<figure class=\"wp-block-image size-full\"><img loading=\"lazy\" decoding=\"async\" width=\"1656\" height=\"1060\" data-id=\"53\" src=\"https:\/\/joiefrancois.be\/wp-content\/uploads\/2023\/02\/IMG_8070.jpg\" alt=\"\" class=\"wp-image-53\" srcset=\"https:\/\/joiefrancois.be\/wp-content\/uploads\/2023\/02\/IMG_8070.jpg 1656w, https:\/\/joiefrancois.be\/wp-content\/uploads\/2023\/02\/IMG_8070-300x192.jpg 300w, https:\/\/joiefrancois.be\/wp-content\/uploads\/2023\/02\/IMG_8070-1024x655.jpg 1024w, https:\/\/joiefrancois.be\/wp-content\/uploads\/2023\/02\/IMG_8070-768x492.jpg 768w, https:\/\/joiefrancois.be\/wp-content\/uploads\/2023\/02\/IMG_8070-1536x983.jpg 1536w\" sizes=\"auto, (max-width: 1656px) 100vw, 1656px\" \/><\/figure>\n\n\n\n<figure class=\"wp-block-image size-full\"><img loading=\"lazy\" decoding=\"async\" width=\"2000\" height=\"1199\" data-id=\"54\" src=\"https:\/\/joiefrancois.be\/wp-content\/uploads\/2023\/02\/IMG_8065.jpg\" alt=\"\" class=\"wp-image-54\" srcset=\"https:\/\/joiefrancois.be\/wp-content\/uploads\/2023\/02\/IMG_8065.jpg 2000w, https:\/\/joiefrancois.be\/wp-content\/uploads\/2023\/02\/IMG_8065-300x180.jpg 300w, https:\/\/joiefrancois.be\/wp-content\/uploads\/2023\/02\/IMG_8065-1024x614.jpg 1024w, https:\/\/joiefrancois.be\/wp-content\/uploads\/2023\/02\/IMG_8065-768x460.jpg 768w, https:\/\/joiefrancois.be\/wp-content\/uploads\/2023\/02\/IMG_8065-1536x921.jpg 1536w\" sizes=\"auto, (max-width: 2000px) 100vw, 2000px\" \/><\/figure>\n\n\n\n<figure class=\"wp-block-image size-full\"><img loading=\"lazy\" decoding=\"async\" width=\"1124\" height=\"633\" data-id=\"55\" src=\"https:\/\/joiefrancois.be\/wp-content\/uploads\/2023\/02\/IMG_7542.jpg\" alt=\"\" class=\"wp-image-55\" srcset=\"https:\/\/joiefrancois.be\/wp-content\/uploads\/2023\/02\/IMG_7542.jpg 1124w, https:\/\/joiefrancois.be\/wp-content\/uploads\/2023\/02\/IMG_7542-300x169.jpg 300w, https:\/\/joiefrancois.be\/wp-content\/uploads\/2023\/02\/IMG_7542-1024x577.jpg 1024w, https:\/\/joiefrancois.be\/wp-content\/uploads\/2023\/02\/IMG_7542-768x433.jpg 768w\" sizes=\"auto, (max-width: 1124px) 100vw, 1124px\" \/><\/figure>\n<\/figure>\n<\/div><\/div>\n\n\n\n<div class=\"wp-block-cover alignfull is-light is-position-center-center\" style=\"min-height:375px;aspect-ratio:unset;\"><span aria-hidden=\"true\" class=\"wp-block-cover__background has-black-background-color has-background-dim-40 has-background-dim\"><\/span><img loading=\"lazy\" decoding=\"async\" width=\"1123\" height=\"548\" class=\"wp-block-cover__image-background wp-image-341\" alt=\"\" src=\"https:\/\/joiefrancois.be\/wp-content\/uploads\/2023\/02\/homepage_epanouissement_harmonie.jpg\" data-object-fit=\"cover\" srcset=\"https:\/\/joiefrancois.be\/wp-content\/uploads\/2023\/02\/homepage_epanouissement_harmonie.jpg 1123w, https:\/\/joiefrancois.be\/wp-content\/uploads\/2023\/02\/homepage_epanouissement_harmonie-300x146.jpg 300w, https:\/\/joiefrancois.be\/wp-content\/uploads\/2023\/02\/homepage_epanouissement_harmonie-1024x500.jpg 1024w, https:\/\/joiefrancois.be\/wp-content\/uploads\/2023\/02\/homepage_epanouissement_harmonie-768x375.jpg 768w\" sizes=\"auto, (max-width: 1123px) 100vw, 1123px\" \/><div class=\"wp-block-cover__inner-container is-layout-flow wp-block-cover-is-layout-flow\">\n<p class=\"has-text-align-center has-white-color has-text-color has-huge-font-size\" style=\"line-height:1.1\"><strong>S\u2019\u00e9panouir et vivre en harmonie<\/strong><\/p>\n\n\n\n<p class=\"has-text-align-center has-white-color has-text-color has-medium-font-size\">&nbsp;Chaque choix que l&rsquo;on fait influence notre \u00e9quilibre et notre sant\u00e9<\/p>\n\n\n\n<p class=\"has-text-align-center\"><\/p>\n\n\n\n<div style=\"height:39px\" aria-hidden=\"true\" class=\"wp-block-spacer\"><\/div>\n\n\n\n<div class=\"wp-block-buttons is-horizontal is-content-justification-center is-layout-flex wp-container-core-buttons-is-layout-499968f5 wp-block-buttons-is-layout-flex\">\n<div class=\"wp-block-button is-style-outline is-style-outline--4\"><a class=\"wp-block-button__link has-white-color has-text-color wp-element-button\" href=\"https:\/\/joiefrancois.be\/index.php\/contact\/\">Contactez moi<\/a><\/div>\n<\/div>\n<\/div><\/div>\n","protected":false},"excerpt":{"rendered":"<p>L&rsquo;accompagnement qui prend soin de vous, pour vous emmener en toute s\u00e9curit\u00e9 l\u00e0 o\u00f9 vous le d\u00e9sirez. Ensemble cr\u00e9ons du lien&#8230; Se sentir en S\u00c9CURIT\u00c9 \u00e0 travers le LIEN et la PLEINE CONFIANCE, un des MEILLEURS OUTILS de gestion de vos diff\u00e9rents \u00e9tats ressentis dans votre corps. Cet outil vous aidera \u00e9galement \u00e0 mieux vous &hellip; <\/p>\n<p class=\"link-more\"><a href=\"https:\/\/joiefrancois.be\/\" class=\"more-link\">Lire la suite de<span class=\"screen-reader-text\">\u00ab\u00a0ACCUEIL\u00a0\u00bb<\/span><\/a><\/p>\n","protected":false},"author":1,"featured_media":9,"parent":0,"menu_order":0,"comment_status":"closed","ping_status":"closed","template":"","meta":{"footnotes":""},"class_list":["post-10","page","type-page","status-publish","has-post-thumbnail","hentry"],"_links":{"self":[{"href":"https:\/\/joiefrancois.be\/index.php\/wp-json\/wp\/v2\/pages\/10","targetHints":{"allow":["GET"]}}],"collection":[{"href":"https:\/\/joiefrancois.be\/index.php\/wp-json\/wp\/v2\/pages"}],"about":[{"href":"https:\/\/joiefrancois.be\/index.php\/wp-json\/wp\/v2\/types\/page"}],"author":[{"embeddable":true,"href":"https:\/\/joiefrancois.be\/index.php\/wp-json\/wp\/v2\/users\/1"}],"replies":[{"embeddable":true,"href":"https:\/\/joiefrancois.be\/index.php\/wp-json\/wp\/v2\/comments?post=10"}],"version-history":[{"count":28,"href":"https:\/\/joiefrancois.be\/index.php\/wp-json\/wp\/v2\/pages\/10\/revisions"}],"predecessor-version":[{"id":349,"href":"https:\/\/joiefrancois.be\/index.php\/wp-json\/wp\/v2\/pages\/10\/revisions\/349"}],"wp:featuredmedia":[{"embeddable":true,"href":"https:\/\/joiefrancois.be\/index.php\/wp-json\/wp\/v2\/media\/9"}],"wp:attachment":[{"href":"https:\/\/joiefrancois.be\/index.php\/wp-json\/wp\/v2\/media?parent=10"}],"curies":[{"name":"wp","href":"https:\/\/api.w.org\/{rel}","templated":true}]}}