{"id":31,"date":"2023-02-17T08:16:48","date_gmt":"2023-02-17T07:16:48","guid":{"rendered":"https:\/\/joiefrancois.be\/?page_id=31"},"modified":"2023-02-17T19:31:55","modified_gmt":"2023-02-17T18:31:55","slug":"presentation","status":"publish","type":"page","link":"https:\/\/joiefrancois.be\/index.php\/presentation\/","title":{"rendered":"PRESENTATION"},"content":{"rendered":"\t\t<div data-elementor-type=\"wp-page\" data-elementor-id=\"31\" class=\"elementor elementor-31\">\n\t\t\t\t\t\t\t\t\t<section class=\"elementor-section elementor-top-section elementor-element elementor-element-cd391eb elementor-section-boxed elementor-section-height-default elementor-section-height-default\" data-id=\"cd391eb\" data-element_type=\"section\">\n\t\t\t\t\t\t<div class=\"elementor-container elementor-column-gap-default\">\n\t\t\t\t\t<div class=\"elementor-column elementor-col-100 elementor-top-column elementor-element elementor-element-0698ec9\" data-id=\"0698ec9\" data-element_type=\"column\">\n\t\t\t<div class=\"elementor-widget-wrap elementor-element-populated\">\n\t\t\t\t\t\t\t\t<div class=\"elementor-element elementor-element-b6103e4 elementor-widget elementor-widget-text-editor\" data-id=\"b6103e4\" data-element_type=\"widget\" data-widget_type=\"text-editor.default\">\n\t\t\t\t<div class=\"elementor-widget-container\">\n\t\t\t<style>\/*! elementor - v3.11.1 - 15-02-2023 *\/\n.elementor-widget-text-editor.elementor-drop-cap-view-stacked .elementor-drop-cap{background-color:#818a91;color:#fff}.elementor-widget-text-editor.elementor-drop-cap-view-framed .elementor-drop-cap{color:#818a91;border:3px solid;background-color:transparent}.elementor-widget-text-editor:not(.elementor-drop-cap-view-default) .elementor-drop-cap{margin-top:8px}.elementor-widget-text-editor:not(.elementor-drop-cap-view-default) .elementor-drop-cap-letter{width:1em;height:1em}.elementor-widget-text-editor .elementor-drop-cap{float:left;text-align:center;line-height:1;font-size:50px}.elementor-widget-text-editor .elementor-drop-cap-letter{display:inline-block}<\/style>\t\t\t\t<p>Homme engag\u00e9 dans ce qui me passionne, l\u2019humain dans l\u2019accompagnement de l\u2019\u00eatre et sa complexit\u00e9\u2026<br \/>Entrepreneur depuis plus de 20 ans, j\u2019ai toujours \u00e9t\u00e9 anim\u00e9 par l\u2019accompagnement et les solutions \u00e0 trouver pour r\u00e9pondre aux multiples besoins, attentes et souhaits, afin qu\u2019il puisse se sentir bien et en s\u00e9curit\u00e9 dans ses diff\u00e9rents projets de vie.<\/p>\t\t\t\t\t\t<\/div>\n\t\t\t\t<\/div>\n\t\t\t\t\t<\/div>\n\t\t<\/div>\n\t\t\t\t\t\t\t<\/div>\n\t\t<\/section>\n\t\t\t\t<section class=\"elementor-section elementor-top-section elementor-element elementor-element-40235d9 elementor-section-full_width elementor-section-height-default elementor-section-height-default\" data-id=\"40235d9\" data-element_type=\"section\" data-settings=\"{&quot;background_background&quot;:&quot;classic&quot;}\">\n\t\t\t\t\t\t<div class=\"elementor-container elementor-column-gap-default\">\n\t\t\t\t\t<div class=\"elementor-column elementor-col-100 elementor-top-column elementor-element elementor-element-5017a42\" data-id=\"5017a42\" data-element_type=\"column\">\n\t\t\t<div class=\"elementor-widget-wrap elementor-element-populated\">\n\t\t\t\t\t\t\t\t<div class=\"elementor-element elementor-element-365cc6a elementor-widget elementor-widget-heading\" data-id=\"365cc6a\" data-element_type=\"widget\" data-widget_type=\"heading.default\">\n\t\t\t\t<div class=\"elementor-widget-container\">\n\t\t\t<style>\/*! elementor - v3.11.1 - 15-02-2023 *\/\n.elementor-heading-title{padding:0;margin:0;line-height:1}.elementor-widget-heading .elementor-heading-title[class*=elementor-size-]>a{color:inherit;font-size:inherit;line-height:inherit}.elementor-widget-heading .elementor-heading-title.elementor-size-small{font-size:15px}.elementor-widget-heading .elementor-heading-title.elementor-size-medium{font-size:19px}.elementor-widget-heading .elementor-heading-title.elementor-size-large{font-size:29px}.elementor-widget-heading .elementor-heading-title.elementor-size-xl{font-size:39px}.elementor-widget-heading .elementor-heading-title.elementor-size-xxl{font-size:59px}<\/style><h2 class=\"elementor-heading-title elementor-size-default\">Mon parcours<\/h2>\t\t<\/div>\n\t\t\t\t<\/div>\n\t\t\t\t<section class=\"elementor-section elementor-inner-section elementor-element elementor-element-1eb9679 elementor-section-boxed elementor-section-height-default elementor-section-height-default\" data-id=\"1eb9679\" data-element_type=\"section\">\n\t\t\t\t\t\t<div class=\"elementor-container elementor-column-gap-default\">\n\t\t\t\t\t<div class=\"elementor-column elementor-col-50 elementor-inner-column elementor-element elementor-element-8fbbd6d\" data-id=\"8fbbd6d\" data-element_type=\"column\">\n\t\t\t<div class=\"elementor-widget-wrap elementor-element-populated\">\n\t\t\t\t\t\t\t\t<div class=\"elementor-element elementor-element-20bbaff elementor-widget elementor-widget-text-editor\" data-id=\"20bbaff\" data-element_type=\"widget\" data-widget_type=\"text-editor.default\">\n\t\t\t\t<div class=\"elementor-widget-container\">\n\t\t\t\t\t\t\t<p>D\u00e8s mes 22 ans, lors de retraites en silence \u00e0 la montagne, je fus touch\u00e9 par une certaine gr\u00e2ce, me faisant go\u00fbter pour la 1\u00e8re fois \u00e0 une joie incommensurable.<\/p>\n<p>Je n\u2019oublierai jamais ce moment qui m\u2019a ouvert \u00e0 l\u2019amour et \u00e0 la consid\u00e9ration de mon \u00eatre profond.<\/p>\n<p>Loin de moi d\u2019\u00eatre parfait, \u00e9tant pass\u00e9 par diff\u00e9rentes exp\u00e9riences m\u2019ayant connect\u00e9 \u00e0 une extr\u00eame souffrance due \u00e0 des choix manquant d\u2019alignement, ma vie a \u00e9volu\u00e9 enfin dans le bon sens par des projets engag\u00e9s, responsables, align\u00e9s dans ce qui m\u2019anime profond\u00e9ment, aujourd\u2019hui prendre soin de l\u2019humain.<\/p>\n<p>Ma qu\u00eate et ma recherche de ce pour quoi je suis ici, que je nomme le graal, m\u2019a amen\u00e9 \u00e0 faire des choix et prendre des d\u00e9cisions d\u2019\u00e9voluer vers une autre vie, m\u2019offrant un cadeau des plus merveilleux, l\u2019accord avec moi-m\u00eame et l\u2019estime de moi, afin de pouvoir aider et accompagner mes patients\/clients sur leur chemin de vie.<\/p>\t\t\t\t\t\t<\/div>\n\t\t\t\t<\/div>\n\t\t\t\t\t<\/div>\n\t\t<\/div>\n\t\t\t\t<div class=\"elementor-column elementor-col-50 elementor-inner-column elementor-element elementor-element-0228988\" data-id=\"0228988\" data-element_type=\"column\">\n\t\t\t<div class=\"elementor-widget-wrap elementor-element-populated\">\n\t\t\t\t\t\t\t\t<div class=\"elementor-element elementor-element-2fe7ef4 elementor-widget elementor-widget-image\" data-id=\"2fe7ef4\" data-element_type=\"widget\" data-widget_type=\"image.default\">\n\t\t\t\t<div class=\"elementor-widget-container\">\n\t\t\t<style>\/*! elementor - v3.11.1 - 15-02-2023 *\/\n.elementor-widget-image{text-align:center}.elementor-widget-image a{display:inline-block}.elementor-widget-image a img[src$=\".svg\"]{width:48px}.elementor-widget-image img{vertical-align:middle;display:inline-block}<\/style>\t\t\t\t\t\t\t\t\t\t\t\t<img loading=\"lazy\" decoding=\"async\" width=\"666\" height=\"960\" src=\"https:\/\/joiefrancois.be\/wp-content\/uploads\/2023\/02\/24440134.jpg\" class=\"attachment-large size-large wp-image-159\" alt=\"\" srcset=\"https:\/\/joiefrancois.be\/wp-content\/uploads\/2023\/02\/24440134.jpg 666w, https:\/\/joiefrancois.be\/wp-content\/uploads\/2023\/02\/24440134-208x300.jpg 208w\" sizes=\"auto, 100vw\" \/>\t\t\t\t\t\t\t\t\t\t\t\t\t\t\t<\/div>\n\t\t\t\t<\/div>\n\t\t\t\t\t<\/div>\n\t\t<\/div>\n\t\t\t\t\t\t\t<\/div>\n\t\t<\/section>\n\t\t\t\t<div class=\"elementor-element elementor-element-19431f5 elementor-widget elementor-widget-text-editor\" data-id=\"19431f5\" data-element_type=\"widget\" data-widget_type=\"text-editor.default\">\n\t\t\t\t<div class=\"elementor-widget-container\">\n\t\t\t\t\t\t\t<p>Mon parcours d\u2019entrepreneur pendant plus de 15 ans dans l\u2019accompagnement et dans l\u2019investissement de projets socialement responsables et engag\u00e9s, ainsi que mes nombreux voyages au bout du monde (Bali, Costa Rica, Afrique du Sud, \u00cele Maurice, Etats-Unis, Laponie\u2026), m\u2019ont amen\u00e9 \u00e0 percevoir et d\u00e9couvrir d\u2019autres mondes et des richesses insoup\u00e7onn\u00e9es sur le vivant. Le vivant pour moi, c\u2019est l\u2019amour anim\u00e9 par notre \u00e2me. Ce sont les comportements, les modes de pens\u00e9es, les modes de vie\u2026, le fonctionnement global cr\u00e9ant l\u2019\u00e9quilibre \u00e0 travers une forme de dualit\u00e9 harmonieuse.<\/p>\n<p>Devenir papa, m\u2019a fait prendre conscience qu\u2019on ne na\u00eet pas parent mais qu\u2019on le devient. Dans ce r\u00f4le, \u00e9lever mon enfant \u00e9tait pr\u00e9dominant que l\u2019\u00e9duquer.<br \/>L\u2019\u00e9lever m\u2019a amen\u00e9 \u00e0 une plus grande clart\u00e9 sur ce chemin de p\u00e8re, d\u2019heureuses d\u00e9couvertes et d\u2019accueil.<br \/>\u00c0 2 ans \u00bd et dans des conditions particuli\u00e8res\u2026, j\u2019ai eu l\u2019heureuse nouvelle et le grand bonheur de recevoir ma fille tr\u00e8s r\u00e9guli\u00e8rement. Et j\u2019ai pu m\u2019investir pleinement en tant que p\u00e8re entrepreneur, afin de participer v\u00e9ritablement \u00e0 son \u00e9volution sur son chemin de vie.<\/p>\t\t\t\t\t\t<\/div>\n\t\t\t\t<\/div>\n\t\t\t\t\t<\/div>\n\t\t<\/div>\n\t\t\t\t\t\t\t<\/div>\n\t\t<\/section>\n\t\t\t\t<section class=\"elementor-section elementor-top-section elementor-element elementor-element-fe2c94f elementor-section-full_width elementor-section-height-default elementor-section-height-default\" data-id=\"fe2c94f\" data-element_type=\"section\" data-settings=\"{&quot;background_background&quot;:&quot;classic&quot;}\">\n\t\t\t\t\t\t<div class=\"elementor-container elementor-column-gap-default\">\n\t\t\t\t\t<div class=\"elementor-column elementor-col-100 elementor-top-column elementor-element elementor-element-5839477\" data-id=\"5839477\" data-element_type=\"column\">\n\t\t\t<div class=\"elementor-widget-wrap elementor-element-populated\">\n\t\t\t\t\t\t\t\t<div class=\"elementor-element elementor-element-f0f97ef elementor-widget elementor-widget-heading\" data-id=\"f0f97ef\" data-element_type=\"widget\" data-widget_type=\"heading.default\">\n\t\t\t\t<div class=\"elementor-widget-container\">\n\t\t\t<h2 class=\"elementor-heading-title elementor-size-default\">Mes valeurs<\/h2>\t\t<\/div>\n\t\t\t\t<\/div>\n\t\t\t\t<section class=\"elementor-section elementor-inner-section elementor-element elementor-element-f2b8c5a elementor-section-boxed elementor-section-height-default elementor-section-height-default\" data-id=\"f2b8c5a\" data-element_type=\"section\">\n\t\t\t\t\t\t<div class=\"elementor-container elementor-column-gap-default\">\n\t\t\t\t\t<div class=\"elementor-column elementor-col-50 elementor-inner-column elementor-element elementor-element-1d31390\" data-id=\"1d31390\" data-element_type=\"column\">\n\t\t\t<div class=\"elementor-widget-wrap elementor-element-populated\">\n\t\t\t\t\t\t\t\t<div class=\"elementor-element elementor-element-aa71036 elementor-widget elementor-widget-image\" data-id=\"aa71036\" data-element_type=\"widget\" data-widget_type=\"image.default\">\n\t\t\t\t<div class=\"elementor-widget-container\">\n\t\t\t\t\t\t\t\t\t\t\t\t\t\t\t<img decoding=\"async\" src=\"https:\/\/joiefrancois.be\/wp-content\/uploads\/2023\/02\/mes_valeurs.jpg\" title=\"mes_valeurs\" alt=\"mes_valeurs\" loading=\"lazy\" \/>\t\t\t\t\t\t\t\t\t\t\t\t\t\t\t<\/div>\n\t\t\t\t<\/div>\n\t\t\t\t\t<\/div>\n\t\t<\/div>\n\t\t\t\t<div class=\"elementor-column elementor-col-50 elementor-inner-column elementor-element elementor-element-97b0e53\" data-id=\"97b0e53\" data-element_type=\"column\">\n\t\t\t<div class=\"elementor-widget-wrap elementor-element-populated\">\n\t\t\t\t\t\t\t\t<div class=\"elementor-element elementor-element-043f407 elementor-widget elementor-widget-text-editor\" data-id=\"043f407\" data-element_type=\"widget\" data-widget_type=\"text-editor.default\">\n\t\t\t\t<div class=\"elementor-widget-container\">\n\t\t\t\t\t\t\t<p>Anim\u00e9 par ces 7 principales valeurs : amour, authenticit\u00e9, douceur, ouverture d\u2019esprit, g\u00e9n\u00e9rosit\u00e9, efficacit\u00e9 et vitalit\u00e9 dans le prendre soin.<\/p>\t\t\t\t\t\t<\/div>\n\t\t\t\t<\/div>\n\t\t\t\t\t<\/div>\n\t\t<\/div>\n\t\t\t\t\t\t\t<\/div>\n\t\t<\/section>\n\t\t\t\t\t<\/div>\n\t\t<\/div>\n\t\t\t\t\t\t\t<\/div>\n\t\t<\/section>\n\t\t\t\t<section class=\"elementor-section elementor-top-section elementor-element elementor-element-32812e9 elementor-section-full_width elementor-section-height-default elementor-section-height-default\" data-id=\"32812e9\" data-element_type=\"section\" data-settings=\"{&quot;background_background&quot;:&quot;classic&quot;}\">\n\t\t\t\t\t\t<div class=\"elementor-container elementor-column-gap-default\">\n\t\t\t\t\t<div class=\"elementor-column elementor-col-100 elementor-top-column elementor-element elementor-element-053c9d3\" data-id=\"053c9d3\" data-element_type=\"column\">\n\t\t\t<div class=\"elementor-widget-wrap elementor-element-populated\">\n\t\t\t\t\t\t\t\t<section class=\"elementor-section elementor-inner-section elementor-element elementor-element-1093f9b elementor-section-boxed elementor-section-height-default elementor-section-height-default\" data-id=\"1093f9b\" data-element_type=\"section\">\n\t\t\t\t\t\t<div class=\"elementor-container elementor-column-gap-default\">\n\t\t\t\t\t<div class=\"elementor-column elementor-col-50 elementor-inner-column elementor-element elementor-element-a6eec15\" data-id=\"a6eec15\" data-element_type=\"column\">\n\t\t\t<div class=\"elementor-widget-wrap elementor-element-populated\">\n\t\t\t\t\t\t\t\t<div class=\"elementor-element elementor-element-ee5b4d2 elementor-widget elementor-widget-heading\" data-id=\"ee5b4d2\" data-element_type=\"widget\" data-widget_type=\"heading.default\">\n\t\t\t\t<div class=\"elementor-widget-container\">\n\t\t\t<h2 class=\"elementor-heading-title elementor-size-default\">Ma formation\n<\/h2>\t\t<\/div>\n\t\t\t\t<\/div>\n\t\t\t\t<div class=\"elementor-element elementor-element-cd9689f elementor-widget elementor-widget-text-editor\" data-id=\"cd9689f\" data-element_type=\"widget\" data-widget_type=\"text-editor.default\">\n\t\t\t\t<div class=\"elementor-widget-container\">\n\t\t\t\t\t\t\t<p>Endocrino-psychologie : l\u2019\u00e9tude du rapport entre les glandes endocrines (hypophyse, thyro\u00efde, surr\u00e9nales\u2026) et la psychologie. C\u2019est la cl\u00e9 du corps pour avoir acc\u00e8s \u00e0 plus, afin d\u2019avoir un meilleur \u00e9quilibre glandulaire\u2026<\/p>\n<p>Bior\u00e9sonance : c\u2019est l\u2019\u00e9tude de l\u2019\u00e9quilibre cellulaire, des fascias, tissus\u2026 et glandes.<\/p>\t\t\t\t\t\t<\/div>\n\t\t\t\t<\/div>\n\t\t\t\t\t<\/div>\n\t\t<\/div>\n\t\t\t\t<div class=\"elementor-column elementor-col-50 elementor-inner-column elementor-element elementor-element-cc1dc21\" data-id=\"cc1dc21\" data-element_type=\"column\">\n\t\t\t<div class=\"elementor-widget-wrap elementor-element-populated\">\n\t\t\t\t\t\t\t\t<div class=\"elementor-element elementor-element-0097bfd elementor-widget elementor-widget-image\" data-id=\"0097bfd\" data-element_type=\"widget\" data-widget_type=\"image.default\">\n\t\t\t\t<div class=\"elementor-widget-container\">\n\t\t\t\t\t\t\t\t\t\t\t\t\t\t\t<img decoding=\"async\" src=\"https:\/\/joiefrancois.be\/wp-content\/uploads\/2023\/02\/ma_formation.jpg\" title=\"ma_formation\" alt=\"ma_formation\" loading=\"lazy\" \/>\t\t\t\t\t\t\t\t\t\t\t\t\t\t\t<\/div>\n\t\t\t\t<\/div>\n\t\t\t\t\t<\/div>\n\t\t<\/div>\n\t\t\t\t\t\t\t<\/div>\n\t\t<\/section>\n\t\t\t\t<div class=\"elementor-element elementor-element-691f63c elementor-widget elementor-widget-text-editor\" data-id=\"691f63c\" data-element_type=\"widget\" data-widget_type=\"text-editor.default\">\n\t\t\t\t<div class=\"elementor-widget-container\">\n\t\t\t\t\t\t\t<p>Th\u00e9rapie quantique : la science qui fait des liens avec le spirituel et ce qui se passe entre nous\u2026(Nous sommes \u00e0 la fois lumi\u00e8re et mati\u00e8re)<\/p>\n<p>PNL (Programmation Neuro Linguistique \/ neurosciences)<\/p>\n<p>CFIP (Centre de Formation et d\u2019Intervention Psychosociologique) \/ coaching particuliers &amp; entreprises\u00a0<\/p>\n<p>Le sens de ma vie (mission de vie) : accompagner l\u2019\u00eatre vers une meilleure sant\u00e9 mentale, psychique, psychologique et physiologique pour contribuer \u00e0 un \u00e9quilibre global (l\u2019hom\u00e9ostasie), afin de vivre plus en joie et dans la s\u00e9r\u00e9nit\u00e9.<\/p>\n<p>Ma vision de l\u2019humain : la r\u00e9unification sublime et merveilleuse dans sa profonde dualit\u00e9, cr\u00e9ant un \u00e9quilibre complexe.<\/p>\n<p>Ma vision du monde : un monde fraternel d\u2019entraide, de soutien, o\u00f9 chacun contribue, afin de participer en \u00e2me et conscience, \u00e0 un monde meilleur et harmonieux pour plus de joie, de s\u00e9r\u00e9nit\u00e9, d\u2019amour afin de vivre dans un meilleur \u00e9quilibre.<\/p>\t\t\t\t\t\t<\/div>\n\t\t\t\t<\/div>\n\t\t\t\t\t<\/div>\n\t\t<\/div>\n\t\t\t\t\t\t\t<\/div>\n\t\t<\/section>\n\t\t\t\t\t\t\t<\/div>\n\t\t","protected":false},"excerpt":{"rendered":"<p>Homme engag\u00e9 dans ce qui me passionne, l\u2019humain dans l\u2019accompagnement de l\u2019\u00eatre et sa complexit\u00e9\u2026Entrepreneur depuis plus de 20 ans, j\u2019ai toujours \u00e9t\u00e9 anim\u00e9 par l\u2019accompagnement et les solutions \u00e0 trouver pour r\u00e9pondre aux multiples besoins, attentes et souhaits, afin qu\u2019il puisse se sentir bien et en s\u00e9curit\u00e9 dans ses diff\u00e9rents projets de vie. Mon &hellip; <\/p>\n<p class=\"link-more\"><a href=\"https:\/\/joiefrancois.be\/index.php\/presentation\/\" class=\"more-link\">Lire la suite de<span class=\"screen-reader-text\">\u00ab\u00a0PRESENTATION\u00a0\u00bb<\/span><\/a><\/p>\n","protected":false},"author":1,"featured_media":0,"parent":0,"menu_order":0,"comment_status":"closed","ping_status":"closed","template":"","meta":{"footnotes":""},"class_list":["post-31","page","type-page","status-publish","hentry"],"_links":{"self":[{"href":"https:\/\/joiefrancois.be\/index.php\/wp-json\/wp\/v2\/pages\/31","targetHints":{"allow":["GET"]}}],"collection":[{"href":"https:\/\/joiefrancois.be\/index.php\/wp-json\/wp\/v2\/pages"}],"about":[{"href":"https:\/\/joiefrancois.be\/index.php\/wp-json\/wp\/v2\/types\/page"}],"author":[{"embeddable":true,"href":"https:\/\/joiefrancois.be\/index.php\/wp-json\/wp\/v2\/users\/1"}],"replies":[{"embeddable":true,"href":"https:\/\/joiefrancois.be\/index.php\/wp-json\/wp\/v2\/comments?post=31"}],"version-history":[{"count":61,"href":"https:\/\/joiefrancois.be\/index.php\/wp-json\/wp\/v2\/pages\/31\/revisions"}],"predecessor-version":[{"id":322,"href":"https:\/\/joiefrancois.be\/index.php\/wp-json\/wp\/v2\/pages\/31\/revisions\/322"}],"wp:attachment":[{"href":"https:\/\/joiefrancois.be\/index.php\/wp-json\/wp\/v2\/media?parent=31"}],"curies":[{"name":"wp","href":"https:\/\/api.w.org\/{rel}","templated":true}]}}